{"id":7660,"date":"2024-08-19T23:25:14","date_gmt":"2024-08-19T21:25:14","guid":{"rendered":"https:\/\/alpenarte.eu\/?page_id=7660"},"modified":"2025-09-17T22:19:36","modified_gmt":"2025-09-17T20:19:36","slug":"concert-program-sa","status":"publish","type":"page","link":"https:\/\/alpenarte.eu\/en\/concert-program-sa\/","title":{"rendered":"Concert program-SA"},"content":{"rendered":"\t\t<div data-elementor-type=\"wp-page\" data-elementor-id=\"7660\" class=\"elementor elementor-7660 elementor-7659\" data-elementor-post-type=\"page\">\n\t\t\t\t\t\t<section class=\"elementor-section elementor-top-section elementor-element elementor-element-6402869 elementor-section-boxed elementor-section-height-default elementor-section-height-default elementor-invisible\" data-id=\"6402869\" data-element_type=\"section\" data-settings=\"{&quot;animation&quot;:&quot;fadeInUp&quot;}\">\n\t\t\t\t\t\t<div class=\"elementor-container elementor-column-gap-default\">\n\t\t\t\t\t<div class=\"elementor-column elementor-col-100 elementor-top-column elementor-element elementor-element-0d338df\" data-id=\"0d338df\" data-element_type=\"column\">\n\t\t\t<div class=\"elementor-widget-wrap elementor-element-populated\">\n\t\t\t\t\t\t<div class=\"elementor-element elementor-element-8999543 elementor-widget elementor-widget-spacer\" data-id=\"8999543\" data-element_type=\"widget\" data-widget_type=\"spacer.default\">\n\t\t\t\t<div class=\"elementor-widget-container\">\n\t\t\t\t\t\t\t<div class=\"elementor-spacer\">\n\t\t\t<div class=\"elementor-spacer-inner\"><\/div>\n\t\t<\/div>\n\t\t\t\t\t\t<\/div>\n\t\t\t\t<\/div>\n\t\t\t\t<div class=\"elementor-element elementor-element-e19c32d elementor-widget elementor-widget-heading\" data-id=\"e19c32d\" data-element_type=\"widget\" data-widget_type=\"heading.default\">\n\t\t\t\t<div class=\"elementor-widget-container\">\n\t\t\t\t\t<h2 class=\"elementor-heading-title elementor-size-default\">Expressive.<br>Powerful voice.<br>Elegant.<\/h2>\t\t\t\t<\/div>\n\t\t\t\t<\/div>\n\t\t\t\t<section class=\"elementor-section elementor-inner-section elementor-element elementor-element-2d9132a elementor-section-boxed elementor-section-height-default elementor-section-height-default\" data-id=\"2d9132a\" data-element_type=\"section\">\n\t\t\t\t\t\t<div class=\"elementor-container elementor-column-gap-default\">\n\t\t\t\t\t<div class=\"elementor-column elementor-col-50 elementor-inner-column elementor-element elementor-element-355e184\" data-id=\"355e184\" data-element_type=\"column\">\n\t\t\t<div class=\"elementor-widget-wrap elementor-element-populated\">\n\t\t\t\t\t\t<div class=\"elementor-element elementor-element-2a06980 elementor-widget elementor-widget-text-editor\" data-id=\"2a06980\" data-element_type=\"widget\" data-widget_type=\"text-editor.default\">\n\t\t\t\t<div class=\"elementor-widget-container\">\n\t\t\t\t\t\t\t\t\t<p><strong>Sat Oct 11<br>Grand Concert<br><\/strong><\/p><p class=\"p1\"><b>Venue <\/b>Angelika Kauffmann Saal, Schwarzenberg<br><strong>17.30<\/strong> Admission and guided tour of the exhibition<br><strong>18.00<\/strong> Pre-concert in the foyer with Larissa Schw\u00e4rzler, Daniel Fleps and Vincent Rein<br><strong>19.30<\/strong> Concert in the hall with the Amelio Trio, Miriam Kutrowatz and Anja Mitterm\u00fcller<\/p><p class=\"p1\"><span style=\"text-decoration: underline;\"><strong>Pre-Concert<br><\/strong><\/span>Three artists, three worlds of sound: Larissa Schw\u00e4rzler, Daniel Fleps and Vincent Rein present their own compositions &#8211; from released albums and new, as yet unreleased projects. Their joint program moves between jazz, pop, singer-songwriting and improvisation. Personal, versatile and sonically surprising, the three musicians from Vorarlberg combine their individual styles to create an exciting musical experience.  <\/p><div><div> <\/div><div> <\/div><div> <\/div><div> <\/div><\/div>\t\t\t\t\t\t\t\t<\/div>\n\t\t\t\t<\/div>\n\t\t\t\t\t<\/div>\n\t\t<\/div>\n\t\t\t\t<div class=\"elementor-column elementor-col-50 elementor-inner-column elementor-element elementor-element-be3faf3\" data-id=\"be3faf3\" data-element_type=\"column\">\n\t\t\t<div class=\"elementor-widget-wrap elementor-element-populated\">\n\t\t\t\t\t\t<div class=\"elementor-element elementor-element-96db58c elementor-widget elementor-widget-text-editor\" data-id=\"96db58c\" data-element_type=\"widget\" data-widget_type=\"text-editor.default\">\n\t\t\t\t<div class=\"elementor-widget-container\">\n\t\t\t\t\t\t\t\t\t<p class=\"p1\"><span style=\"text-decoration: underline;\"><strong>Grand Concert<\/strong><\/span><\/p><p class=\"p1\"><strong>J. Brahms (1833 &#8211; 1897)<\/strong><br>Piano Trio in C major, Op. 87 I. Allegro<\/p><p class=\"p1\"><strong>J. Brahms<\/strong><br>Gestillte Sehnsucht, Op. 91, No. 1<\/p><p class=\"p1\"><strong>L. Spohr (1784 &#8211; 1859)<br><\/strong>T\u00f6ne, Op. 154, No. 3<\/p><p class=\"p1\"><strong>T. Zedginidze (*2009)<\/strong><br>:alpenarte commissioned work for piano trio &#8211; world premiere<\/p><p class=\"p1\"><strong>R. Strauss (1864 &#8211; 1949)<\/strong><br>Allerseelen, Op. 10, No. 8<br>Die Zeitlose, Op. 10, No. 7<br>Morgen, Op. 27, No. 4<br>Nacht, Op. 10, No. 3<\/p><p class=\"p1\"><strong>PAUSE<\/strong><\/p><p class=\"p1\"><strong>A. Dvo\u0159\u00e1k (1841 &#8211; 1904)<\/strong><br>Ich schwimm dir davon, Op. 32, No. 1<br>Die Taube auf dem Ahorn, Op. 32, No. 6<br>Wenn die Sense scharf geschliffen w\u00e4re, Op. 32, No. 3<br>Der kleine Acker, Op. 32, No. 5<\/p><p><strong>J. Brahms<\/strong><br>The Messengers of Love, Op. 61, No. 4<br>The Seas, Op. 20, No. 3<br>The Sisters, Op. 61, No. 1<\/p><p><strong>R. Schumann (1810 &#8211; 1856)<br><\/strong>Das Gl\u00fcck, Op. 79, No. 15<br>Wenn ich ein V\u00f6glein w\u00e4r, Op. 43, No. 1<\/p><p><strong>R. Schumann<br><\/strong>Piano Trio in G minor, Op. 110<br>I. Moving, but not too fast<br>II. Quite slow<br>III. Fast<br>IV. Vigorous, with humor<\/p>\t\t\t\t\t\t\t\t<\/div>\n\t\t\t\t<\/div>\n\t\t\t\t\t<\/div>\n\t\t<\/div>\n\t\t\t\t\t<\/div>\n\t\t<\/section>\n\t\t\t\t\t<\/div>\n\t\t<\/div>\n\t\t\t\t\t<\/div>\n\t\t<\/section>\n\t\t\t\t<section class=\"elementor-section elementor-top-section elementor-element elementor-element-c0918cd elementor-section-boxed elementor-section-height-default elementor-section-height-default\" data-id=\"c0918cd\" data-element_type=\"section\">\n\t\t\t\t\t\t<div class=\"elementor-container elementor-column-gap-default\">\n\t\t\t\t\t<div class=\"elementor-column elementor-col-100 elementor-top-column elementor-element elementor-element-93fdea1\" data-id=\"93fdea1\" data-element_type=\"column\">\n\t\t\t<div class=\"elementor-widget-wrap elementor-element-populated\">\n\t\t\t\t\t\t<div class=\"elementor-element elementor-element-e56f1f5 elementor-widget elementor-widget-spacer\" data-id=\"e56f1f5\" data-element_type=\"widget\" data-widget_type=\"spacer.default\">\n\t\t\t\t<div class=\"elementor-widget-container\">\n\t\t\t\t\t\t\t<div class=\"elementor-spacer\">\n\t\t\t<div class=\"elementor-spacer-inner\"><\/div>\n\t\t<\/div>\n\t\t\t\t\t\t<\/div>\n\t\t\t\t<\/div>\n\t\t\t\t\t<\/div>\n\t\t<\/div>\n\t\t\t\t\t<\/div>\n\t\t<\/section>\n\t\t\t\t<\/div>\n\t\t","protected":false},"excerpt":{"rendered":"<p>Expressive.Powerful voice.Elegant. Sat Oct 11Grand Concert Venue Angelika Kauffmann Saal, Schwarzenberg17.30 Admission and guided tour of the exhibition18.00 Pre-concert in the foyer with Larissa Schw\u00e4rzler, Daniel Fleps and Vincent Rein19.30 Concert in the hall with the Amelio Trio, Miriam Kutrowatz and Anja Mitterm\u00fcller Pre-ConcertThree artists, three worlds of sound: Larissa Schw\u00e4rzler, Daniel Fleps and Vincent [&hellip;]<\/p>\n","protected":false},"author":7,"featured_media":0,"parent":0,"menu_order":0,"comment_status":"closed","ping_status":"closed","template":"","meta":{"_acf_changed":false,"footnotes":""},"class_list":["post-7660","page","type-page","status-publish","hentry"],"acf":[],"_links":{"self":[{"href":"https:\/\/alpenarte.eu\/en\/wp-json\/wp\/v2\/pages\/7660","targetHints":{"allow":["GET"]}}],"collection":[{"href":"https:\/\/alpenarte.eu\/en\/wp-json\/wp\/v2\/pages"}],"about":[{"href":"https:\/\/alpenarte.eu\/en\/wp-json\/wp\/v2\/types\/page"}],"author":[{"embeddable":true,"href":"https:\/\/alpenarte.eu\/en\/wp-json\/wp\/v2\/users\/7"}],"replies":[{"embeddable":true,"href":"https:\/\/alpenarte.eu\/en\/wp-json\/wp\/v2\/comments?post=7660"}],"version-history":[{"count":10,"href":"https:\/\/alpenarte.eu\/en\/wp-json\/wp\/v2\/pages\/7660\/revisions"}],"predecessor-version":[{"id":9139,"href":"https:\/\/alpenarte.eu\/en\/wp-json\/wp\/v2\/pages\/7660\/revisions\/9139"}],"wp:attachment":[{"href":"https:\/\/alpenarte.eu\/en\/wp-json\/wp\/v2\/media?parent=7660"}],"curies":[{"name":"wp","href":"https:\/\/api.w.org\/{rel}","templated":true}]}}